{"id":368,"date":"2025-02-18T16:11:32","date_gmt":"2025-02-18T16:11:32","guid":{"rendered":"https:\/\/perfume-experiences.com\/?page_id=368"},"modified":"2025-02-19T18:40:45","modified_gmt":"2025-02-19T18:40:45","slug":"privacy-policy","status":"publish","type":"page","link":"https:\/\/perfume-experiences.com\/de\/privacy-policy\/","title":{"rendered":"Datenschutz"},"content":{"rendered":"<p class=\"privacy-policy-p\">Diese Datenschutzrichtlinie beschreibt die Richtlinien von J. Magdalena Schnurr, Grensstraat 106, 2950 Kapellen, Belgien, E-Mail: <a href=\"mailto:perfume.experiences@gmail.com\">perfume.experiences@gmail.com<\/a>\u00fcber die Erfassung, Verwendung und Weitergabe Ihrer Daten, die wir bei der Nutzung unserer Website ( https:\/\/perfume-experiences.com ) erfassen. (der \"Dienst\"). Indem Sie auf den Dienst zugreifen oder ihn nutzen, erkl\u00e4ren Sie sich mit der Erfassung, Verwendung und Weitergabe Ihrer Daten in \u00dcbereinstimmung mit dieser Datenschutzerkl\u00e4rung einverstanden. Wenn Sie damit nicht einverstanden sind, bitten wir Sie, den Dienst nicht zu nutzen.<\/p>\n<p class=\"privacy-policy-p\">Wir k\u00f6nnen diese Datenschutzrichtlinie jederzeit ohne vorherige Benachrichtigung an Sie \u00e4ndern und werden die \u00fcberarbeitete Datenschutzrichtlinie im Dienst ver\u00f6ffentlichen. Die ge\u00e4nderte Richtlinie tritt 180 Tage nach der Ver\u00f6ffentlichung der ge\u00e4nderten Richtlinie im Dienst in Kraft, und wenn Sie nach diesem Zeitpunkt weiterhin auf den Dienst zugreifen oder ihn nutzen, erkl\u00e4ren Sie sich mit der ge\u00e4nderten Datenschutzrichtlinie einverstanden. Wir empfehlen Ihnen daher, diese Seite regelm\u00e4\u00dfig zu \u00fcberpr\u00fcfen.<\/p>\n<ol class=\"privacy-policy-ol\">\n<li>\n<h2 class=\"privacy-policy-h2\">Wir sammeln Informationen:<\/h2>\n<p class=\"privacy-policy-p\">Wir werden die folgenden pers\u00f6nlichen Informationen \u00fcber Sie sammeln und verarbeiten:<\/p>\n<ol class=\"privacy-policy-ol\">\n<li>Name<\/li>\n<li>E-Mail<\/li>\n<\/ol>\n<\/li>\n<li>\n<h2 class=\"privacy-policy-h2\">Aufbewahrung Ihrer Informationen:<\/h2>\n<p class=\"privacy-policy-p\">Wir bewahren Ihre pers\u00f6nlichen Daten 90 Tage bis 2 Jahre nach Beendigung des Benutzerkontos oder so lange auf, wie wir sie ben\u00f6tigen, um die Zwecke zu erf\u00fcllen, f\u00fcr die sie gesammelt wurden, wie in dieser Datenschutzrichtlinie beschrieben. Es kann sein, dass wir bestimmte Informationen l\u00e4nger aufbewahren m\u00fcssen, z. B. f\u00fcr Aufzeichnungen\/Berichte in \u00dcbereinstimmung mit geltendem Recht oder aus anderen legitimen Gr\u00fcnden, wie z. B. zur Durchsetzung gesetzlicher Rechte, zur Betrugsbek\u00e4mpfung usw. Anonyme Restdaten und zusammengefasste Daten, die Sie nicht (direkt oder indirekt) identifizieren, k\u00f6nnen auf unbestimmte Zeit gespeichert werden.<\/p>\n<\/li>\n<li>\n<h2 class=\"privacy-policy-h2\">Ihre Rechte:<\/h2>\n<p class=\"privacy-policy-p\">Je nach geltendem Recht haben Sie das Recht, auf Ihre personenbezogenen Daten zuzugreifen und sie zu berichtigen oder zu l\u00f6schen oder eine Kopie Ihrer personenbezogenen Daten zu erhalten, die aktive Verarbeitung Ihrer Daten einzuschr\u00e4nken oder ihr zu widersprechen, uns aufzufordern, Ihre personenbezogenen Daten an eine andere Stelle weiterzugeben (zu portieren), die uns erteilte Zustimmung zur Verarbeitung Ihrer Daten zu widerrufen, das Recht, eine Beschwerde bei einer gesetzlichen Beh\u00f6rde einzureichen, sowie weitere Rechte, die nach geltendem Recht relevant sein k\u00f6nnen. Um diese Rechte auszu\u00fcben, k\u00f6nnen Sie sich schriftlich an uns wenden unter <a href=\"mailto:perfume.experiences@gmail.com\">perfume.experiences@gmail.com<\/a>. Wir werden Ihre Anfrage in \u00dcbereinstimmung mit dem geltenden Recht beantworten.<\/p>\n<p class=\"privacy-policy-p\">Sie k\u00f6nnen sich von der Direktwerbung oder der Erstellung von Profilen zu Marketingzwecken abmelden, indem Sie sich schriftlich an uns wenden <a href=\"mailto:perfume.experiences@gmail.com\">perfume.experiences@gmail.com<\/a>.<\/p>\n<p class=\"privacy-policy-p\">Bitte beachten Sie, dass Sie m\u00f6glicherweise nicht in der Lage sind, auf die Dienste zuzugreifen oder diese zu nutzen, f\u00fcr die Ihre Daten angefordert wurden, wenn Sie uns nicht gestatten, die erforderlichen personenbezogenen Daten zu sammeln oder zu verarbeiten, oder wenn Sie Ihre Zustimmung zur Verarbeitung dieser Daten f\u00fcr die erforderlichen Zwecke zur\u00fcckziehen.<\/p>\n<\/li>\n<li>\n<h2 class=\"privacy-policy-h2\">Cookies etc.<\/h2>\n<p class=\"privacy-policy-p\">Wenn Sie mehr dar\u00fcber erfahren m\u00f6chten, wie wir diese Technologien nutzen und welche M\u00f6glichkeiten Sie in Bezug auf diese Tracking-Technologien haben, lesen Sie bitte unsere <a href=\"https:\/\/perfume-experiences.com\/de\/cookies\/\">Cookie-Richtlinie.<\/a><\/p>\n<\/li>\n<li>\n<h2 class=\"privacy-policy-h2\">Sicherheit:<\/h2>\n<p class=\"privacy-policy-p\">Die Sicherheit Ihrer Daten ist uns wichtig, und wir werden angemessene Sicherheitsma\u00dfnahmen ergreifen, um den Verlust, den Missbrauch oder die unbefugte \u00c4nderung Ihrer Daten unter unserer Kontrolle zu verhindern. In Anbetracht der inh\u00e4renten Risiken k\u00f6nnen wir jedoch keine absolute Sicherheit garantieren. Folglich k\u00f6nnen wir die Sicherheit von Informationen, die Sie uns \u00fcbermitteln, weder gew\u00e4hrleisten noch garantieren, und Sie tun dies auf eigenes Risiko.<\/p>\n<\/li>\n<li>\n<h2 class=\"privacy-policy-h2\">Links zu Dritten und Verwendung Ihrer Informationen:<\/h2>\n<p class=\"privacy-policy-p\">Unser Service kann Links zu anderen Websites enthalten, die nicht von uns betrieben werden. Diese Datenschutzrichtlinie bezieht sich nicht auf die Datenschutzrichtlinien und andere Praktiken Dritter, einschlie\u00dflich Dritter, die eine Website oder einen Dienst betreiben, der \u00fcber einen Link im Dienst zug\u00e4nglich ist. Wir empfehlen Ihnen dringend, die Datenschutzrichtlinien jeder Website, die Sie besuchen, zu \u00fcberpr\u00fcfen. Wir haben keine Kontrolle \u00fcber und \u00fcbernehmen keine Verantwortung f\u00fcr die Inhalte, Datenschutzrichtlinien oder Praktiken von Websites oder Diensten Dritter.<\/p>\n<\/li>\n<li>\n<h2 class=\"privacy-policy-h2\">Beschwerde-\/Datenschutzbeauftragter:<\/h2>\n<p class=\"privacy-policy-p\">Wenn Sie Fragen oder Bedenken bez\u00fcglich der Verarbeitung Ihrer bei uns vorhandenen Daten haben, k\u00f6nnen Sie sich per E-Mail an unseren Beschwerdebeauftragten wenden: J. Magdalena Schnurr, Grensstraat 106, 2950 Kapellen, Belgien, E-Mail: <a href=\"mailto:perfume.experiences@gmail.com\">perfume.experiences@gmail.com<\/a>. Wir werden Ihr Anliegen im Einklang mit dem geltenden Recht behandeln.<\/p>\n<\/li>\n<\/ol>\n<p class=\"privacy-policy-p\">Datenschutzrichtlinie erstellt mit <a href=\"https:\/\/www.cookieyes.com\/?utm_source=PP&amp;utm_medium=footer&amp;utm_campaign=UW\" target=\"_blank\" rel=\"noopener\">CookieYes<\/a>.<\/p>","protected":false},"excerpt":{"rendered":"<p>This Privacy Policy describes the policies of J. Magdalena Schnurr, Grensstraat 106, 2950 Kapellen, Belgium, email: perfume.experiences@gmail.com, on the collection, [&hellip;]<\/p>\n","protected":false},"author":1,"featured_media":0,"parent":0,"menu_order":0,"comment_status":"closed","ping_status":"closed","template":"","meta":{"_seopress_robots_primary_cat":"","_seopress_titles_title":"","_seopress_titles_desc":"","_seopress_robots_index":"","site-sidebar-layout":"default","site-content-layout":"","ast-site-content-layout":"narrow-width-container","site-content-style":"default","site-sidebar-style":"default","ast-global-header-display":"","ast-banner-title-visibility":"","ast-main-header-display":"","ast-hfb-above-header-display":"","ast-hfb-below-header-display":"","ast-hfb-mobile-header-display":"","site-post-title":"","ast-breadcrumbs-content":"","ast-featured-img":"","footer-sml-layout":"","ast-disable-related-posts":"","theme-transparent-header-meta":"default","adv-header-id-meta":"","stick-header-meta":"","header-above-stick-meta":"","header-main-stick-meta":"","header-below-stick-meta":"","astra-migrate-meta-layouts":"set","ast-page-background-enabled":"default","ast-page-background-meta":{"desktop":{"background-color":"var(--ast-global-color-4)","background-image":"","background-repeat":"repeat","background-position":"center center","background-size":"auto","background-attachment":"scroll","background-type":"","background-media":"","overlay-type":"","overlay-color":"","overlay-opacity":"","overlay-gradient":""},"tablet":{"background-color":"","background-image":"","background-repeat":"repeat","background-position":"center center","background-size":"auto","background-attachment":"scroll","background-type":"","background-media":"","overlay-type":"","overlay-color":"","overlay-opacity":"","overlay-gradient":""},"mobile":{"background-color":"","background-image":"","background-repeat":"repeat","background-position":"center center","background-size":"auto","background-attachment":"scroll","background-type":"","background-media":"","overlay-type":"","overlay-color":"","overlay-opacity":"","overlay-gradient":""}},"ast-content-background-meta":{"desktop":{"background-color":"var(--ast-global-color-5)","background-image":"","background-repeat":"repeat","background-position":"center center","background-size":"auto","background-attachment":"scroll","background-type":"","background-media":"","overlay-type":"","overlay-color":"","overlay-opacity":"","overlay-gradient":""},"tablet":{"background-color":"var(--ast-global-color-5)","background-image":"","background-repeat":"repeat","background-position":"center center","background-size":"auto","background-attachment":"scroll","background-type":"","background-media":"","overlay-type":"","overlay-color":"","overlay-opacity":"","overlay-gradient":""},"mobile":{"background-color":"var(--ast-global-color-5)","background-image":"","background-repeat":"repeat","background-position":"center center","background-size":"auto","background-attachment":"scroll","background-type":"","background-media":"","overlay-type":"","overlay-color":"","overlay-opacity":"","overlay-gradient":""}},"footnotes":""},"class_list":["post-368","page","type-page","status-publish","hentry"],"_links":{"self":[{"href":"https:\/\/perfume-experiences.com\/de\/wp-json\/wp\/v2\/pages\/368","targetHints":{"allow":["GET"]}}],"collection":[{"href":"https:\/\/perfume-experiences.com\/de\/wp-json\/wp\/v2\/pages"}],"about":[{"href":"https:\/\/perfume-experiences.com\/de\/wp-json\/wp\/v2\/types\/page"}],"author":[{"embeddable":true,"href":"https:\/\/perfume-experiences.com\/de\/wp-json\/wp\/v2\/users\/1"}],"replies":[{"embeddable":true,"href":"https:\/\/perfume-experiences.com\/de\/wp-json\/wp\/v2\/comments?post=368"}],"version-history":[{"count":7,"href":"https:\/\/perfume-experiences.com\/de\/wp-json\/wp\/v2\/pages\/368\/revisions"}],"predecessor-version":[{"id":579,"href":"https:\/\/perfume-experiences.com\/de\/wp-json\/wp\/v2\/pages\/368\/revisions\/579"}],"wp:attachment":[{"href":"https:\/\/perfume-experiences.com\/de\/wp-json\/wp\/v2\/media?parent=368"}],"curies":[{"name":"wp","href":"https:\/\/api.w.org\/{rel}","templated":true}]}}