{"id":70,"date":"2025-02-11T13:10:14","date_gmt":"2025-02-11T13:10:14","guid":{"rendered":"https:\/\/perfume-experiences.com\/about\/"},"modified":"2025-05-04T11:01:09","modified_gmt":"2025-05-04T11:01:09","slug":"about","status":"publish","type":"page","link":"https:\/\/perfume-experiences.com\/de\/about\/","title":{"rendered":"\u00dcber mich"},"content":{"rendered":"<div data-elementor-type=\"wp-page\" data-elementor-id=\"70\" class=\"elementor elementor-70\" data-elementor-post-type=\"page\">\n\t\t\t\t<div class=\"elementor-element elementor-element-502e7cd0 e-con-full e-flex e-con e-parent\" data-id=\"502e7cd0\" data-element_type=\"container\" data-e-type=\"container\">\n\t\t<div class=\"elementor-element elementor-element-751d1e7a e-con-full e-flex e-con e-child\" data-id=\"751d1e7a\" data-element_type=\"container\" data-e-type=\"container\">\n\t\t\t\t<div class=\"elementor-element elementor-element-32f9e769 elementor-widget elementor-widget-heading\" data-id=\"32f9e769\" data-element_type=\"widget\" data-e-type=\"widget\" data-widget_type=\"heading.default\">\n\t\t\t\t<div class=\"elementor-widget-container\">\n\t\t\t\t\t<h1 class=\"elementor-heading-title elementor-size-default\">Ihre Parfum-Kuratorin<\/h1>\t\t\t\t<\/div>\n\t\t\t\t<\/div>\n\t\t\t\t<div class=\"elementor-element elementor-element-87311ee elementor-widget elementor-widget-text-editor\" data-id=\"87311ee\" data-element_type=\"widget\" data-e-type=\"widget\" data-widget_type=\"text-editor.default\">\n\t\t\t\t<div class=\"elementor-widget-container\">\n\t\t\t\t\t\t\t\t\t<div><p><span lang=\"EN-GB\">Hallo, ich bin Johanna, Ihre Begleiterin durch die Welt der D\u00fcfte. Ich komme aus der akademischen Welt: Ich habe mehrere Jahre als Dozentin an der Universit\u00e4t Oxford gearbeitet, bevor ich mich entschied, mein langj\u00e4hriges Hobby in einen neuen Beruf zu verwandeln. Nach \u00fcber einem Jahrzehnt des Sammelns von Parfums lag es nahe, eine neue Art von Lehrerin zu werden: eine, die sich eher mit sensorischen als mit intellektuellen Fragen befasst. Mein Wissen \u00fcber kreative, inspirierende Parfums mit anderen zu teilen wurde schnell zu einer Leidenschaft.<\/span><\/p><\/div>\t\t\t\t\t\t\t\t<\/div>\n\t\t\t\t<\/div>\n\t\t\t\t<\/div>\n\t\t<div class=\"elementor-element elementor-element-1c491951 e-con-full e-flex e-con e-child\" data-id=\"1c491951\" data-element_type=\"container\" data-e-type=\"container\" data-settings=\"{&quot;background_background&quot;:&quot;classic&quot;}\">\n\t\t\t\t<\/div>\n\t\t\t\t<\/div>\n\t\t<div class=\"elementor-element elementor-element-12362f25 e-con-full e-flex e-con e-parent\" data-id=\"12362f25\" data-element_type=\"container\" data-e-type=\"container\">\n\t\t<div class=\"elementor-element elementor-element-3b832eae e-con-full e-flex e-con e-child\" data-id=\"3b832eae\" data-element_type=\"container\" data-e-type=\"container\" data-settings=\"{&quot;background_background&quot;:&quot;classic&quot;}\">\n\t\t\t\t<\/div>\n\t\t<div class=\"elementor-element elementor-element-5fb925c2 e-con-full e-flex e-con e-child\" data-id=\"5fb925c2\" data-element_type=\"container\" data-e-type=\"container\">\n\t\t\t\t<div class=\"elementor-element elementor-element-66714b5e elementor-widget elementor-widget-heading\" data-id=\"66714b5e\" data-element_type=\"widget\" data-e-type=\"widget\" data-widget_type=\"heading.default\">\n\t\t\t\t<div class=\"elementor-widget-container\">\n\t\t\t\t\t<h2 class=\"elementor-heading-title elementor-size-default\">Wir entdecken gemeinsam ihren Traumduft<\/h2>\t\t\t\t<\/div>\n\t\t\t\t<\/div>\n\t\t\t\t<div class=\"elementor-element elementor-element-27ae8a3d elementor-widget elementor-widget-text-editor\" data-id=\"27ae8a3d\" data-element_type=\"widget\" data-e-type=\"widget\" data-widget_type=\"text-editor.default\">\n\t\t\t\t<div class=\"elementor-widget-container\">\n\t\t\t\t\t\t\t\t\t<p><span lang=\"EN-GB\">Meine Methodik ist systematisch und doch pers\u00f6nlich. Ich m\u00f6chte Sie durch die Kunst der D\u00fcfte f\u00fchren und Ihnen Parfums vorstellen, die Sie inspirieren und Ihre Individualit\u00e4t betonen. <\/span><span lang=\"EN-GB\">Nichts macht mich gl\u00fccklicher, als die entz\u00fcckten Gesichter von Teilnehmern, die sich vor meinen Augen in einen neuen Duft verlieben.<\/span><\/p>\t\t\t\t\t\t\t\t<\/div>\n\t\t\t\t<\/div>\n\t\t\t\t<\/div>\n\t\t\t\t<\/div>\n\t\t<div class=\"elementor-element elementor-element-79653d3f e-flex e-con-boxed e-con e-parent\" data-id=\"79653d3f\" data-element_type=\"container\" data-e-type=\"container\" data-settings=\"{&quot;background_background&quot;:&quot;classic&quot;}\">\n\t\t\t\t\t<div class=\"e-con-inner\">\n\t\t\t\t<div class=\"elementor-element elementor-element-1f49d5d3 elementor-view-default elementor-position-block-start elementor-mobile-position-block-start elementor-widget elementor-widget-icon-box\" data-id=\"1f49d5d3\" data-element_type=\"widget\" data-e-type=\"widget\" data-widget_type=\"icon-box.default\">\n\t\t\t\t<div class=\"elementor-widget-container\">\n\t\t\t\t\t\t\t<div class=\"elementor-icon-box-wrapper\">\n\n\t\t\t\t\t\t<div class=\"elementor-icon-box-icon\">\n\t\t\t\t<span  class=\"elementor-icon\">\n\t\t\t\t<svg xmlns=\"http:\/\/www.w3.org\/2000\/svg\" id=\"a4a99671-1fc3-4568-98bf-7fc5746e910a\" data-name=\"Layer 1\" width=\"114\" height=\"79\" viewbox=\"0 0 114 79\"><polygon points=\"32.677 0 0 78.265 36.391 78.265 57.928 0 32.677 0\"><\/polygon><polygon points=\"88.749 0.735 56.072 79 92.463 79 114 0.735 88.749 0.735\"><\/polygon><\/svg>\t\t\t\t<\/span>\n\t\t\t<\/div>\n\t\t\t\n\t\t\t\t\t\t<div class=\"elementor-icon-box-content\">\n\n\t\t\t\t\t\t\t\t\t<h3 class=\"elementor-icon-box-title\">\n\t\t\t\t\t\t<span  >\n\t\t\t\t\t\t\tEin Parfum zu tragen ist wie einen pers\u00f6nlichen Soundtrack f\u00fcr den Tag auszusuchen: Es weckt Emotionen und bringt die eigene Individualit\u00e4t zum Ausdruck.\t\t\t\t\t\t<\/span>\n\t\t\t\t\t<\/h3>\n\t\t\t\t\n\t\t\t\t\n\t\t\t<\/div>\n\t\t\t\n\t\t<\/div>\n\t\t\t\t\t\t<\/div>\n\t\t\t\t<\/div>\n\t\t\t\t\t<\/div>\n\t\t\t\t<\/div>\n\t\t\t\t<\/div>","protected":false},"excerpt":{"rendered":"<p>Your personal Perfume Curator Hi, I\u2019m Johanna, your guide through the world of scent discovery. My background is academic: I [&hellip;]<\/p>\n","protected":false},"author":1,"featured_media":0,"parent":0,"menu_order":0,"comment_status":"closed","ping_status":"closed","template":"elementor_header_footer","meta":{"_seopress_robots_primary_cat":"","_seopress_titles_title":"Perfume Experiences: About Me","_seopress_titles_desc":"My background to becoming your personal perfume curator, organising perfume discovery events that put your scent experience central.","_seopress_robots_index":"","site-sidebar-layout":"default","site-content-layout":"","ast-site-content-layout":"default","site-content-style":"default","site-sidebar-style":"default","ast-global-header-display":"","ast-banner-title-visibility":"","ast-main-header-display":"","ast-hfb-above-header-display":"","ast-hfb-below-header-display":"","ast-hfb-mobile-header-display":"","site-post-title":"","ast-breadcrumbs-content":"","ast-featured-img":"","footer-sml-layout":"","ast-disable-related-posts":"","theme-transparent-header-meta":"default","adv-header-id-meta":"","stick-header-meta":"","header-above-stick-meta":"","header-main-stick-meta":"","header-below-stick-meta":"","astra-migrate-meta-layouts":"set","ast-page-background-enabled":"default","ast-page-background-meta":{"desktop":{"background-color":"var(--ast-global-color-4)","background-image":"","background-repeat":"repeat","background-position":"center center","background-size":"auto","background-attachment":"scroll","background-type":"","background-media":"","overlay-type":"","overlay-color":"","overlay-opacity":"","overlay-gradient":""},"tablet":{"background-color":"","background-image":"","background-repeat":"repeat","background-position":"center center","background-size":"auto","background-attachment":"scroll","background-type":"","background-media":"","overlay-type":"","overlay-color":"","overlay-opacity":"","overlay-gradient":""},"mobile":{"background-color":"","background-image":"","background-repeat":"repeat","background-position":"center center","background-size":"auto","background-attachment":"scroll","background-type":"","background-media":"","overlay-type":"","overlay-color":"","overlay-opacity":"","overlay-gradient":""}},"ast-content-background-meta":{"desktop":{"background-color":"var(--ast-global-color-5)","background-image":"","background-repeat":"repeat","background-position":"center center","background-size":"auto","background-attachment":"scroll","background-type":"","background-media":"","overlay-type":"","overlay-color":"","overlay-opacity":"","overlay-gradient":""},"tablet":{"background-color":"var(--ast-global-color-5)","background-image":"","background-repeat":"repeat","background-position":"center center","background-size":"auto","background-attachment":"scroll","background-type":"","background-media":"","overlay-type":"","overlay-color":"","overlay-opacity":"","overlay-gradient":""},"mobile":{"background-color":"var(--ast-global-color-5)","background-image":"","background-repeat":"repeat","background-position":"center center","background-size":"auto","background-attachment":"scroll","background-type":"","background-media":"","overlay-type":"","overlay-color":"","overlay-opacity":"","overlay-gradient":""}},"footnotes":""},"class_list":["post-70","page","type-page","status-publish","hentry"],"_links":{"self":[{"href":"https:\/\/perfume-experiences.com\/de\/wp-json\/wp\/v2\/pages\/70","targetHints":{"allow":["GET"]}}],"collection":[{"href":"https:\/\/perfume-experiences.com\/de\/wp-json\/wp\/v2\/pages"}],"about":[{"href":"https:\/\/perfume-experiences.com\/de\/wp-json\/wp\/v2\/types\/page"}],"author":[{"embeddable":true,"href":"https:\/\/perfume-experiences.com\/de\/wp-json\/wp\/v2\/users\/1"}],"replies":[{"embeddable":true,"href":"https:\/\/perfume-experiences.com\/de\/wp-json\/wp\/v2\/comments?post=70"}],"version-history":[{"count":25,"href":"https:\/\/perfume-experiences.com\/de\/wp-json\/wp\/v2\/pages\/70\/revisions"}],"predecessor-version":[{"id":945,"href":"https:\/\/perfume-experiences.com\/de\/wp-json\/wp\/v2\/pages\/70\/revisions\/945"}],"wp:attachment":[{"href":"https:\/\/perfume-experiences.com\/de\/wp-json\/wp\/v2\/media?parent=70"}],"curies":[{"name":"wp","href":"https:\/\/api.w.org\/{rel}","templated":true}]}}